{"id":3,"date":"2024-07-04T08:56:36","date_gmt":"2024-07-04T06:56:36","guid":{"rendered":"https:\/\/tesscanarias.com\/?page_id=3"},"modified":"2024-07-08T10:12:15","modified_gmt":"2024-07-08T09:12:15","slug":"privacy-policy","status":"publish","type":"page","link":"https:\/\/tesscanarias.com\/es\/privacy-policy\/","title":{"rendered":"Pol\u00edtica de privacidad"},"content":{"rendered":"<h4><strong>\u00daltima actualizaci\u00f3n: 08 de julio de 2024<\/strong><\/h4>\n<p>&nbsp;<\/p>\n<p>Este aviso de privacidad para Tess Hose Management Operations Canarias S.L. (\"nosotros\", \"nos\", opr \"nuestro\"), describe c\u00f3mo y por qu\u00e9 podemos recopilar, almacenar, utilizar y\/o compartir (\"procesar\") su informaci\u00f3n cuando usted utiliza nuestros servicios (\"Servicios\"), como cuando usted:<\/p>\n<ul>\n<li>Visite nuestro sitio web en tesscanarias.com, o cualquier sitio web nuestro que enlace para visitar este aviso de privacidad<\/li>\n<li>Participar con nosotros en otras actividades relacionadas, como ventas, marketing o eventos.<\/li>\n<\/ul>\n<p><strong>\u00bfPreguntas o dudas? <\/strong>La lectura de este aviso de privacidad le ayudar\u00e1 a comprender sus derechos y opciones en materia de privacidad. Si no est\u00e1 de acuerdo con nuestras pol\u00edticas y pr\u00e1cticas, no utilice nuestros Servicios. Si a\u00fan as\u00ed tiene alguna pregunta o duda, p\u00f3ngase en contacto con nosotros en canarias@tess.no.<\/p>\n<p>&nbsp;<\/p>\n<h3><strong>RESUMEN DE LOS PUNTOS CLAVE<\/strong><\/h3>\n<p><strong><em>Este resumen contiene los puntos clave de nuestro aviso de privacidad, pero puede obtener m\u00e1s informaci\u00f3n sobre cualquiera de estos temas haciendo clic en el enlace que sigue a cada punto clave o utilizando el \u00edndice que figura a continuaci\u00f3n para encontrar la secci\u00f3n que busca<\/em><\/strong>.<\/p>\n<p><strong>\u00bfQu\u00e9 datos personales tratamos?<\/strong> Cuando visita, utiliza o navega por nuestros Servicios, podemos procesar informaci\u00f3n personal dependiendo de c\u00f3mo interact\u00fae con nosotros y con los Servicios, de las elecciones que haga y de los productos y funciones que utilice. M\u00e1s informaci\u00f3n sobre la informaci\u00f3n personal que nos revela.<\/p>\n<p><strong>\u00bfTratamos informaci\u00f3n personal sensible?<\/strong> No procesamos informaci\u00f3n personal sensible.<\/p>\n<p><strong>\u00bfRecogemos informaci\u00f3n de terceros?<\/strong> No recopilamos informaci\u00f3n de terceros.<\/p>\n<p><strong>\u00bfC\u00f3mo procesamos su informaci\u00f3n?<\/strong> Procesamos su informaci\u00f3n para prestar, mejorar y administrar nuestros Servicios, comunicarnos con usted, por motivos de seguridad y prevenci\u00f3n del fraude, y para cumplir la ley. Tambi\u00e9n podemos procesar su informaci\u00f3n para otros fines con su consentimiento. S\u00f3lo procesamos su informaci\u00f3n cuando tenemos una raz\u00f3n legal v\u00e1lida para hacerlo. M\u00e1s informaci\u00f3n sobre el tratamiento de sus datos.<\/p>\n<p><strong>\u00bfEn qu\u00e9 situaciones y con qu\u00e9 terceros compartimos informaci\u00f3n personal?<\/strong> Podemos compartir informaci\u00f3n en situaciones espec\u00edficas y con terceros concretos. Obtenga m\u00e1s informaci\u00f3n sobre cu\u00e1ndo y con qui\u00e9n compartimos su informaci\u00f3n personal.<\/p>\n<p><strong>\u00bfC\u00f3mo mantenemos segura su informaci\u00f3n?<\/strong> Disponemos de procesos y procedimientos organizativos y t\u00e9cnicos para proteger su informaci\u00f3n personal. Sin embargo, no se puede garantizar al 100% la seguridad de ninguna transmisi\u00f3n electr\u00f3nica por Internet ni de ninguna tecnolog\u00eda de almacenamiento de informaci\u00f3n, por lo que no podemos prometer ni garantizar que piratas inform\u00e1ticos, ciberdelincuentes u otros terceros no autorizados no puedan burlar nuestra seguridad y recopilar, acceder, robar o modificar indebidamente su informaci\u00f3n. Obtenga m\u00e1s informaci\u00f3n sobre c\u00f3mo mantenemos segura su informaci\u00f3n.<\/p>\n<p><strong>\u00bfCu\u00e1les son sus derechos?<\/strong> Dependiendo de d\u00f3nde se encuentre geogr\u00e1ficamente, la ley de privacidad aplicable puede significar que usted tiene ciertos derechos con respecto a su informaci\u00f3n personal. M\u00e1s informaci\u00f3n sobre sus derechos de privacidad.<\/p>\n<p><strong>\u00bfC\u00f3mo ejerce sus derechos?<\/strong> La forma m\u00e1s sencilla de ejercer sus derechos es visitando tesscanarias.com\/contact\/, o poni\u00e9ndose en contacto con nosotros. Consideraremos y actuaremos ante cualquier solicitud de conformidad con las leyes de protecci\u00f3n de datos aplicabl<\/p>\n<p>\u00bfQuiere saber m\u00e1s sobre lo que hacemos con la informaci\u00f3n que recopilamos? Consulte el aviso de privacidad completo.<\/p>\n<h3><strong><br \/>\n\u00cdNDICE<\/strong><\/h3>\n<ol>\n<li>\u00bfQU\u00c9 INFORMACI\u00d3N RECOGEMOS?<\/li>\n<li>\u00bfC\u00d3MO TRATAMOS SU INFORMACI\u00d3N?<\/li>\n<li>\u00bfEN QU\u00c9 BASES JUR\u00cdDICAS NOS BASAMOS PARA TRATAR SUS DATOS PERSONALES?<\/li>\n<li>\u00bfCU\u00c1NDO Y CON QUI\u00c9N COMPARTIMOS SUS DATOS PERSONALES?<\/li>\n<li>\u00bfCU\u00c1NTO TIEMPO CONSERVAMOS SUS DATOS?<\/li>\n<li>\u00bfC\u00d3MO MANTENEMOS SEGURA SU INFORMACI\u00d3N?<\/li>\n<li>\u00bfRECOPILAMOS INFORMACI\u00d3N DE MENORES?<\/li>\n<li>\u00bfCU\u00c1LES SON SUS DERECHOS DE PRIVACIDAD?<\/li>\n<li>CONTROLES PARA LA FUNCI\u00d3N NO RASTREAR<\/li>\n<li>\u00bfSE ACTUALIZA ESTE AVISO?<\/li>\n<li>\u00bfC\u00d3MO PUEDE PONERSE EN CONTACTO CON NOSOTROS EN RELACI\u00d3N CON ESTE AVISO?<\/li>\n<li>\u00bfC\u00d3MO PUEDE REVISAR, ACTUALIZAR O ELIMINAR LOS DATOS QUE RECOPILAMOS SOBRE USTED?<\/li>\n<\/ol>\n<p>&nbsp;<\/p>\n<h3><strong>1. \u00bfQU\u00c9 INFORMACI\u00d3N RECOGEMOS?<\/strong><\/h3>\n<p><strong>Informaci\u00f3n personal que nos comunica<\/strong><\/p>\n<p><strong><em>En resumen:<\/em><\/strong><em> Recopilamos la informaci\u00f3n personal que usted nos proporciona.<\/em><\/p>\n<p>Recopilamos la informaci\u00f3n personal que usted nos proporciona voluntariamente cuando expresa su inter\u00e9s en obtener informaci\u00f3n sobre nosotros o nuestros productos y Servicios, cuando participa en actividades en los Servicios o cuando se pone en contacto con nosotros.<\/p>\n<p><strong>Informaci\u00f3n personal facilitada por usted<\/strong>. La informaci\u00f3n personal que recopilamos depende del contexto de sus interacciones con nosotros y con los Servicios, de las elecciones que haga y de los productos y funciones que utilice. La informaci\u00f3n personal que recopilamos puede incluir lo siguiente:<\/p>\n<ul>\n<li>nombres<\/li>\n<li>n\u00fameros de telefono<\/li>\n<li>direcci\u00f3n de correo electr\u00f3nico<\/li>\n<\/ul>\n<p><strong>Informaci\u00f3n sensible.<\/strong> No procesamos informaci\u00f3n sensible.<\/p>\n<p>Toda la informaci\u00f3n personal que nos proporcione debe ser verdadera, completa y exacta, y debe notificarnos cualquier cambio en dicha informaci\u00f3n personal.<\/p>\n<p>&nbsp;<\/p>\n<h3><strong> 2. \u00bfC\u00d3MO PROCESAMOS SU INFORMACI\u00d3N?<\/strong><\/h3>\n<p><strong><em>En resumen:<\/em><\/strong><em> Procesamos su informaci\u00f3n para prestar, mejorar y administrar nuestros Servicios, comunicarnos con usted, por motivos de seguridad y prevenci\u00f3n del fraude, y para cumplir la ley. Tambi\u00e9n podemos procesar su informaci\u00f3n para otros fines con su consentimiento.<\/em><\/p>\n<p><strong>Tratamos su informaci\u00f3n personal por diversas razones, dependiendo de c\u00f3mo interact\u00fae con nuestros Servicios, entre ellas:<\/strong><\/p>\n<ul>\n<li><strong>Salvar o proteger el inter\u00e9s vital de un individuo.<\/strong> Podemos procesar su informaci\u00f3n cuando sea necesario para salvar o proteger el inter\u00e9s vital de una persona, como por ejemplo para evitar da\u00f1os.<\/li>\n<\/ul>\n<h3><strong><br \/>\n3. WHAT LEGAL BASES DO WE RELY ON TO PROCESS YOUR INFORMATION?<\/strong><\/h3>\n<p><strong><em>En resumen:<\/em><\/strong><em> S\u00f3lo procesamos su informaci\u00f3n personal cuando creemos que es necesario y tenemos una raz\u00f3n legal v\u00e1lida (es decir, una base legal) para hacerlo seg\u00fan la legislaci\u00f3n aplicable, como con su consentimiento, para cumplir las leyes, para prestarle servicios o para cumplir nuestras obligaciones contractuales, para proteger sus derechos o para cumplir nuestros intereses comerciales leg\u00edtimos.<\/em><\/p>\n<p>El Reglamento General de Protecci\u00f3n de Datos (RGPD) y el RGPD del Reino Unido nos obligan a explicar las bases jur\u00eddicas v\u00e1lidas en las que nos basamos para procesar su informaci\u00f3n personal. Por lo tanto, podemos basarnos en las siguientes bases jur\u00eddicas para procesar su informaci\u00f3n personal:<\/p>\n<ul>\n<li><strong>Consentimiento.<\/strong> Podemos procesar su informaci\u00f3n si usted nos ha dado permiso (es decir, consentimiento) para utilizar su informaci\u00f3n personal para un fin espec\u00edfico. Puede retirar su consentimiento en cualquier momento. M\u00e1s informaci\u00f3n sobre c\u00f3mo retirar su consentimiento.<\/li>\n<li><strong>Obligaciones legales.<\/strong> Podemos procesar su informaci\u00f3n cuando lo consideremos necesario para cumplir con nuestras obligaciones legales, como cooperar con un cuerpo de seguridad o agencia reguladora, ejercer o defender nuestros derechos legales, o revelar su informaci\u00f3n como prueba en un litigio en el que estemos implicados.<\/li>\n<li><strong>Intereses vitales.<\/strong> Podemos tratar su informaci\u00f3n cuando lo consideremos necesario para proteger sus intereses vitales o los intereses vitales de un tercero, como en situaciones que impliquen amenazas potenciales para la seguridad de cualquier persona.<\/li>\n<\/ul>\n<p>&nbsp;<\/p>\n<h3><strong> 4. \u00bfCU\u00c1NDO Y CON QUI\u00c9N COMPARTIMOS SUS DATOS PERSONALES?<\/strong><\/h3>\n<p><strong><em>En resumen:<\/em><\/strong><em> Podemos compartir informaci\u00f3n en situaciones espec\u00edficas descritas en esta secci\u00f3n y\/o con los siguientes terceros.<\/em><\/p>\n<p>Es posible que tengamos que compartir su informaci\u00f3n personal en las siguientes situaciones:<\/p>\n<ul>\n<li><strong>Traspasos de empresas.<\/strong> Podemos compartir o transferir su informaci\u00f3n en relaci\u00f3n con, o durante las negociaciones de, cualquier fusi\u00f3n, venta de activos de la empresa, financiaci\u00f3n o adquisici\u00f3n de todo o parte de nuestro negocio a otra empresa.<\/li>\n<\/ul>\n<p>&nbsp;<\/p>\n<h3><strong> 5. \u00bfCU\u00c1NTO TIEMPO CONSERVAMOS SUS DATOS?<\/strong><\/h3>\n<p><strong><em>En resumen:<\/em><\/strong><em> Conservamos su informaci\u00f3n durante el tiempo necesario para cumplir los fines descritos en este aviso de privacidad, a menos que la ley exija lo contrario.<\/em><\/p>\n<p>S\u00f3lo conservaremos su informaci\u00f3n personal durante el tiempo que sea necesario para los fines establecidos en este aviso de privacidad, a menos que la ley exija o permita un per\u00edodo de conservaci\u00f3n m\u00e1s largo (como requisitos fiscales, contables u otros requisitos legales).<\/p>\n<p>Cuando ya no tengamos ninguna necesidad comercial leg\u00edtima de procesar su informaci\u00f3n personal, eliminaremos o anonimizaremos dicha informaci\u00f3n o, si esto no es posible (por ejemplo, porque su informaci\u00f3n personal se ha almacenado en archivos de copia de seguridad), almacenaremos de forma segura su informaci\u00f3n personal y la aislaremos de cualquier procesamiento posterior hasta que sea posible eliminarla.<\/p>\n<p>&nbsp;<\/p>\n<h3><strong> 6. \u00bfC\u00d3MO MANTENEMOS SEGURA SU INFORMACI\u00d3N?<\/strong><\/h3>\n<p><strong><em>En resumen:<\/em><\/strong><em> Nuestro objetivo es proteger su informaci\u00f3n personal mediante un sistema de medidas de seguridad organizativas y t\u00e9cnicas.<\/em><\/p>\n<p>Hemos implantado medidas de seguridad t\u00e9cnicas y organizativas adecuadas y razonables, dise\u00f1adas para proteger la seguridad de cualquier informaci\u00f3n personal que procesemos. Sin embargo, a pesar de nuestras salvaguardas y esfuerzos por asegurar su informaci\u00f3n, no se puede garantizar que ninguna transmisi\u00f3n electr\u00f3nica por Internet o tecnolog\u00eda de almacenamiento de informaci\u00f3n sea 100% segura, por lo que no podemos prometer ni garantizar que piratas inform\u00e1ticos, ciberdelincuentes u otros terceros no autorizados no puedan burlar nuestra seguridad y recopilar, acceder, robar o modificar indebidamente su informaci\u00f3n. Aunque haremos todo lo posible para proteger su informaci\u00f3n personal, la transmisi\u00f3n de informaci\u00f3n personal hacia y desde nuestros Servicios corre por su cuenta y riesgo. S\u00f3lo debe acceder a los Servicios dentro de un entorno seguro.<\/p>\n<p>&nbsp;<\/p>\n<h3><strong> 7. \u00bfRECOPILAMOS INFORMACI\u00d3N DE MENORES?<\/strong><\/h3>\n<p><strong><em>En resumen:<\/em><\/strong><em> No recopilamos conscientemente datos de menores de 18 a\u00f1os ni comercializamos con ellos.<\/em><\/p>\n<p>No recopilamos, solicitamos datos ni comercializamos conscientemente con menores de 18 a\u00f1os, ni vendemos conscientemente dicha informaci\u00f3n personal. Al utilizar los Servicios, usted declara que tiene al menos 18 a\u00f1os o que es el padre o tutor de dicho menor y da su consentimiento para que dicho menor dependiente utilice los Servicios. Si tenemos conocimiento de que se ha recopilado informaci\u00f3n personal de usuarios menores de 18 a\u00f1os, desactivaremos la cuenta y tomaremos las medidas razonables para eliminar r\u00e1pidamente dichos datos de nuestros registros. Si tiene conocimiento de que hemos recopilado datos de menores de 18 a\u00f1os, p\u00f3ngase en contacto con nosotros en canarias@tess.no.<\/p>\n<p>&nbsp;<\/p>\n<h3><strong> 8.\u00bfCU\u00c1LES SON SUS DERECHOS DE PRIVACIDAD?<\/strong><\/h3>\n<p><strong><em>En resumen:<\/em><\/strong><em> En algunas regiones, como el Espacio Econ\u00f3mico Europeo (EEE), el Reino Unido (RU) y Suiza, usted tiene derechos que le permiten un mayor acceso y control sobre su informaci\u00f3n personal.Puede revisar, modificar o cancelar su cuenta en cualquier momento, dependiendo de su pa\u00eds, provincia o estado de residencia.<\/em><\/p>\n<p>En algunas regiones (como el EEE, el Reino Unido y Suiza), usted tiene determinados derechos en virtud de la legislaci\u00f3n aplicable en materia de protecci\u00f3n de datos.Entre ellos se incluye el derecho a (i) solicitar acceso y obtener una copia de su informaci\u00f3n personal, (ii) solicitar la rectificaci\u00f3n o supresi\u00f3n, (iii) restringir el tratamiento de su informaci\u00f3n personal, (iv) si procede, la portabilidad de los datos, y (v) no estar sujeto a la toma de decisiones automatizada. En determinadas circunstancias, tambi\u00e9n puede tener derecho a oponerse al tratamiento de su informaci\u00f3n personal. Puede realizar dicha solicitud poni\u00e9ndose en contacto con nosotros a trav\u00e9s de los datos de contacto facilitados en la secci\u00f3n \u00ab\u00bfC\u00d3MO PUEDE CONTACTAR CON NOSOTROS EN RELACI\u00d3N CON ESTE AVISO?\u00bb que figura m\u00e1s adelante.<\/p>\n<p>Consideraremos y actuaremos ante cualquier solicitud de acuerdo con las leyes de protecci\u00f3n de datos aplicables.<br \/>\nSi se encuentra en el EEE o en el Reino Unido y cree que estamos tratando ilegalmente sus datos personales, tambi\u00e9n tiene derecho a presentar una reclamaci\u00f3n ante la autoridad de protecci\u00f3n de datos de su Estado miembro o del Reino Unido.<\/p>\n<p>Si se encuentra en Suiza, puede ponerse en contacto con el Comisario Federal de Protecci\u00f3n de Datos e Informaci\u00f3n.<\/p>\n<p><strong>Retirada del consentimiento<\/strong>: Si nos basamos en su consentimiento para procesar su informaci\u00f3n personal, tiene derecho a retirar su consentimiento en cualquier momento. Puede retirar su consentimiento en cualquier momento poni\u00e9ndose en contacto con nosotros a trav\u00e9s de los datos de contacto que figuran en la secci\u00f3n \u00ab\u00bfC\u00d3MO PUEDE CONTACTAR CON NOSOTROS EN RELACI\u00d3N CON ESTE AVISO?\u00bb m\u00e1s abajo.<\/p>\n<p>No obstante, tenga en cuenta que esto no afectar\u00e1 a la legalidad del tratamiento anterior a su retirada ni al tratamiento de sus datos personales realizado sobre la base de motivos legales distintos del consentimiento.<\/p>\n<p>Si tiene preguntas o comentarios sobre sus derechos de privacidad, puede enviarnos un correo electr\u00f3nico a canarias@tess.no.<\/p>\n<p>&nbsp;<\/p>\n<h3><strong> 9. CONTROLES PARA LAS FUNCIONES DO-NOT-TRACK<\/strong><\/h3>\n<p>La mayor\u00eda de los navegadores web y algunos sistemas operativos y aplicaciones para m\u00f3viles incluyen una funci\u00f3n o configuraci\u00f3n de No rastrear (\u00abDNT\u00bb, Do-Not-Track) que usted puede activar para se\u00f1alar su preferencia de privacidad para que no se controlen ni recopilen datos sobre sus actividades de navegaci\u00f3n en l\u00ednea. Por el momento, no se ha ultimado ninguna norma tecnol\u00f3gica uniforme para reconocer y aplicar las se\u00f1ales DNT. Por lo tanto, actualmente no respondemos a las se\u00f1ales DNT del navegador ni a ning\u00fan otro mecanismo que comunique autom\u00e1ticamente su elecci\u00f3n de no ser rastreado en l\u00ednea. Si en el futuro se adopta una norma para el seguimiento en l\u00ednea que debamos seguir, le informaremos sobre dicha pr\u00e1ctica en una versi\u00f3n revisada de este aviso de privacidad.<\/p>\n<p>&nbsp;<\/p>\n<h3><strong> 10. \u00bfREALIZAMOS ACTUALIZACIONES DE ESTE AVISO?<\/strong><\/h3>\n<p><strong><em>En resumen:<\/em><\/strong><em> S\u00ed, actualizaremos este aviso cuando sea necesario para seguir cumpliendo la legislaci\u00f3n vigente.<\/em><\/p>\n<p>Es posible que actualicemos este aviso de privacidad de vez en cuando. La versi\u00f3n actualizada se indicar\u00e1 mediante la fecha \u00abRevisado\u00bb en la parte superior de este aviso de privacidad. Si introducimos cambios sustanciales en este aviso de privacidad, se lo notificaremos publicando un aviso de dichos cambios en un lugar destacado o envi\u00e1ndole directamente una notificaci\u00f3n. Le recomendamos que revise este aviso de privacidad con frecuencia para estar informado de c\u00f3mo protegemos su informaci\u00f3n.<\/p>\n<p>&nbsp;<\/p>\n<h3><strong> 11. \u00bfC\u00d3MO PUEDE PONERSE EN CONTACTO CON NOSOTROS EN RELACI\u00d3N CON ESTE AVISO?<\/strong><\/h3>\n<p>Si tiene preguntas o comentarios sobre este aviso, puede enviarnos un correo electr\u00f3nico a canarias@tess.no o ponerse en contacto con nosotros por correo postal en:<\/p>\n<p>Tess Hose Management Operations Canarias S.L.<br \/>\nMuelle Reina Sofia S\/N<br \/>\nLas Palmas, Canarias \/ Las Palmas 35008<br \/>\nEspa\u00f1a<\/p>\n<p>&nbsp;<\/p>\n<h3><strong> 12. \u00bfC\u00d3MO PUEDE REVISAR, ACTUALIZAR O ELIMINAR LOS DATOS QUE RECOPILAMOS SOBRE USTED?<\/strong><\/h3>\n<p>Tiene derecho a solicitar acceso a la informaci\u00f3n personal que recopilamos sobre usted, detalles sobre c\u00f3mo la hemos procesado, corregir imprecisiones o eliminar su informaci\u00f3n personal. Tambi\u00e9n puede tener derecho a retirar su consentimiento para que procesemos su informaci\u00f3n personal. Estos derechos pueden estar limitados en algunas circunstancias por la legislaci\u00f3n aplicable. Para solicitar la revisi\u00f3n, actualizaci\u00f3n o eliminaci\u00f3n de su informaci\u00f3n personal, visite: tesscanarias.com\/contact.<\/p>","protected":false},"excerpt":{"rendered":"<p>Last updated July 08, 2024 &nbsp; This privacy notice for [&hellip;]<\/p>\n","protected":false},"author":1,"featured_media":0,"parent":0,"menu_order":0,"comment_status":"closed","ping_status":"open","template":"","meta":{"footnotes":""},"class_list":["post-3","page","type-page","status-publish","hentry"],"yoast_head":"<!-- This site is optimized with the Yoast SEO plugin v27.2 - https:\/\/yoast.com\/product\/yoast-seo-wordpress\/ -->\n<title>Privacy policy - TESS Canarias<\/title>\n<meta name=\"robots\" content=\"index, follow, max-snippet:-1, max-image-preview:large, max-video-preview:-1\" \/>\n<link rel=\"canonical\" href=\"https:\/\/tesscanarias.com\/es\/privacy-policy\/\" \/>\n<meta property=\"og:locale\" content=\"es_ES\" \/>\n<meta property=\"og:type\" content=\"article\" \/>\n<meta property=\"og:title\" content=\"Privacy policy - TESS Canarias\" \/>\n<meta property=\"og:description\" content=\"Last updated July 08, 2024 &nbsp; This privacy notice for [&hellip;]\" \/>\n<meta property=\"og:url\" content=\"https:\/\/tesscanarias.com\/es\/privacy-policy\/\" \/>\n<meta property=\"og:site_name\" content=\"TESS Canarias\" \/>\n<meta property=\"article:modified_time\" content=\"2024-07-08T09:12:15+00:00\" \/>\n<meta name=\"twitter:card\" content=\"summary_large_image\" \/>\n<meta name=\"twitter:label1\" content=\"Tiempo de lectura\" \/>\n\t<meta name=\"twitter:data1\" content=\"11 minutos\" \/>\n<script type=\"application\/ld+json\" class=\"yoast-schema-graph\">{\"@context\":\"https:\/\/schema.org\",\"@graph\":[{\"@type\":\"WebPage\",\"@id\":\"https:\/\/tesscanarias.com\/privacy-policy\/\",\"url\":\"https:\/\/tesscanarias.com\/privacy-policy\/\",\"name\":\"Privacy policy - TESS Canarias\",\"isPartOf\":{\"@id\":\"https:\/\/tesscanarias.com\/#website\"},\"datePublished\":\"2024-07-04T06:56:36+00:00\",\"dateModified\":\"2024-07-08T09:12:15+00:00\",\"breadcrumb\":{\"@id\":\"https:\/\/tesscanarias.com\/privacy-policy\/#breadcrumb\"},\"inLanguage\":\"es\",\"potentialAction\":[{\"@type\":\"ReadAction\",\"target\":[\"https:\/\/tesscanarias.com\/privacy-policy\/\"]}]},{\"@type\":\"BreadcrumbList\",\"@id\":\"https:\/\/tesscanarias.com\/privacy-policy\/#breadcrumb\",\"itemListElement\":[{\"@type\":\"ListItem\",\"position\":1,\"name\":\"Home\",\"item\":\"https:\/\/tesscanarias.com\/\"},{\"@type\":\"ListItem\",\"position\":2,\"name\":\"Privacy policy\"}]},{\"@type\":\"WebSite\",\"@id\":\"https:\/\/tesscanarias.com\/#website\",\"url\":\"https:\/\/tesscanarias.com\/\",\"name\":\"TESS Canarias\",\"description\":\"\",\"potentialAction\":[{\"@type\":\"SearchAction\",\"target\":{\"@type\":\"EntryPoint\",\"urlTemplate\":\"https:\/\/tesscanarias.com\/?s={search_term_string}\"},\"query-input\":{\"@type\":\"PropertyValueSpecification\",\"valueRequired\":true,\"valueName\":\"search_term_string\"}}],\"inLanguage\":\"es\"}]}<\/script>\n<!-- \/ Yoast SEO plugin. -->","yoast_head_json":{"title":"Privacy policy - TESS Canarias","robots":{"index":"index","follow":"follow","max-snippet":"max-snippet:-1","max-image-preview":"max-image-preview:large","max-video-preview":"max-video-preview:-1"},"canonical":"https:\/\/tesscanarias.com\/es\/privacy-policy\/","og_locale":"es_ES","og_type":"article","og_title":"Privacy policy - TESS Canarias","og_description":"Last updated July 08, 2024 &nbsp; This privacy notice for [&hellip;]","og_url":"https:\/\/tesscanarias.com\/es\/privacy-policy\/","og_site_name":"TESS Canarias","article_modified_time":"2024-07-08T09:12:15+00:00","twitter_card":"summary_large_image","twitter_misc":{"Tiempo de lectura":"11 minutos"},"schema":{"@context":"https:\/\/schema.org","@graph":[{"@type":"WebPage","@id":"https:\/\/tesscanarias.com\/privacy-policy\/","url":"https:\/\/tesscanarias.com\/privacy-policy\/","name":"Privacy policy - TESS Canarias","isPartOf":{"@id":"https:\/\/tesscanarias.com\/#website"},"datePublished":"2024-07-04T06:56:36+00:00","dateModified":"2024-07-08T09:12:15+00:00","breadcrumb":{"@id":"https:\/\/tesscanarias.com\/privacy-policy\/#breadcrumb"},"inLanguage":"es","potentialAction":[{"@type":"ReadAction","target":["https:\/\/tesscanarias.com\/privacy-policy\/"]}]},{"@type":"BreadcrumbList","@id":"https:\/\/tesscanarias.com\/privacy-policy\/#breadcrumb","itemListElement":[{"@type":"ListItem","position":1,"name":"Home","item":"https:\/\/tesscanarias.com\/"},{"@type":"ListItem","position":2,"name":"Privacy policy"}]},{"@type":"WebSite","@id":"https:\/\/tesscanarias.com\/#website","url":"https:\/\/tesscanarias.com\/","name":"TESS Canarias","description":"","potentialAction":[{"@type":"SearchAction","target":{"@type":"EntryPoint","urlTemplate":"https:\/\/tesscanarias.com\/?s={search_term_string}"},"query-input":{"@type":"PropertyValueSpecification","valueRequired":true,"valueName":"search_term_string"}}],"inLanguage":"es"}]}},"_links":{"self":[{"href":"https:\/\/tesscanarias.com\/es\/wp-json\/wp\/v2\/pages\/3","targetHints":{"allow":["GET"]}}],"collection":[{"href":"https:\/\/tesscanarias.com\/es\/wp-json\/wp\/v2\/pages"}],"about":[{"href":"https:\/\/tesscanarias.com\/es\/wp-json\/wp\/v2\/types\/page"}],"author":[{"embeddable":true,"href":"https:\/\/tesscanarias.com\/es\/wp-json\/wp\/v2\/users\/1"}],"replies":[{"embeddable":true,"href":"https:\/\/tesscanarias.com\/es\/wp-json\/wp\/v2\/comments?post=3"}],"version-history":[{"count":24,"href":"https:\/\/tesscanarias.com\/es\/wp-json\/wp\/v2\/pages\/3\/revisions"}],"predecessor-version":[{"id":2455,"href":"https:\/\/tesscanarias.com\/es\/wp-json\/wp\/v2\/pages\/3\/revisions\/2455"}],"wp:attachment":[{"href":"https:\/\/tesscanarias.com\/es\/wp-json\/wp\/v2\/media?parent=3"}],"curies":[{"name":"wp","href":"https:\/\/api.w.org\/{rel}","templated":true}]}}