{"id":2564,"date":"2024-07-08T14:33:13","date_gmt":"2024-07-08T13:33:13","guid":{"rendered":"https:\/\/tesscanarias.com\/?page_id=2564"},"modified":"2024-08-13T09:32:06","modified_gmt":"2024-08-13T08:32:06","slug":"legal-notice","status":"publish","type":"page","link":"https:\/\/tesscanarias.com\/es\/legal-notice\/","title":{"rendered":"Nota legal"},"content":{"rendered":"<p>En cumplimiento de la Ley 34\/2002, de 11 de julio, de servicios de la sociedad de la informaci\u00f3n y de comercio electr\u00f3nico (LSSI), le informamos que:<\/p>\n<p>TESS HOSE MANAGEMENT OPERATIONS CANARIAS S.L. (en adelante TESS CANARIAS) con CIF B76315407 y domicilio social en Muelle Reina Sof\u00eda, S\/N, PC 35008, Las Palmas, est\u00e1 inscrita en el Registro Mercantil de Las Palmas en la Hoja GC-54097, Tomo 2192, folio 38.<\/p>\n<p>Informaci\u00f3n de contacto:<\/p>\n<p>Tel\u00e9fono: 633 345 100<\/p>\n<p>Email: <a rel=\"noreferrer\">canarias@tess.no<\/a><\/p>\n<h3><\/h3>\n<h3><strong>Condiciones Generales de Uso del Sitio Web de TESS HOSE MANAGEMENT OPERATIONS CANARIAS S.L.<\/strong><\/h3>\n<p>El nombre de dominio <a href=\"http:\/\/tesscanarias.com\/es\/\" target=\"_new\" rel=\"noreferrer noopener\">https:\/\/tesscanarias.com\/<\/a> es propiedad de TESS HOSE MANAGEMENT OPERATIONS CANARIAS S.L. y su uso exclusivo est\u00e1 reservado a esta entidad. El portal oficial <a href=\"http:\/\/tesscanarias.com\/es\/\" target=\"_new\" rel=\"noreferrer noopener\">https:\/\/tesscanarias.com\/<\/a> tiene por objeto facilitar al p\u00fablico, en general, el conocimiento de las actividades desarrolladas por esta entidad y de los productos y servicios que ofrece en el \u00e1mbito de OTRAS ACTIVIDADES ASOCIATIVAS N.E.C. La utilizaci\u00f3n de este sitio web implica la expresa y plena aceptaci\u00f3n de las condiciones aqu\u00ed expuestas, sin perjuicio de las condiciones particulares que pudieran aplicarse a determinados productos o servicios ofrecidos a trav\u00e9s del sitio web.<\/p>\n<p>TESS HOSE MANAGEMENT OPERATIONS CANARIAS S.L. se reserva la facultad de efectuar, en cualquier momento y sin necesidad de previo aviso, modificaciones y actualizaciones sobre la informaci\u00f3n contenida en su web o en su configuraci\u00f3n o presentaci\u00f3n. Con el fin de mantener actualizada la informaci\u00f3n publicada en el portal, los contenidos podr\u00e1n ser modificados, corregidos, eliminados o a\u00f1adidos en cualquier momento, por lo que se aconseja comprobar la vigencia o exactitud de los mismos acudiendo a las fuentes oficiales.<\/p>\n<p>&nbsp;<\/p>\n<h3><strong>Propiedad intelectual, propiedad industrial y marcos<\/strong><\/h3>\n<p>Todos los elementos que forman el sitio web, as\u00ed como la estructura, dise\u00f1o, c\u00f3digo fuente, logos, marcas y dem\u00e1s signos distintivos que aparecen en la misma, son titularidad de TESS HOSE MANAGEMENT OPERATIONS CANARIAS S.L. o de sus colaboradores y est\u00e1n protegidos por los correspondientes derechos de propiedad intelectual e industrial. Las im\u00e1genes y dem\u00e1s elementos gr\u00e1ficos contenidos en los portales est\u00e1n igualmente protegidos por los correspondientes derechos de propiedad intelectual e industrial.<\/p>\n<p>TESS HOSE MANAGEMENT OPERATIONS CANARIAS S.L. proh\u00edbe expresamente la realizaci\u00f3n de \"framings\" o la utilizaci\u00f3n por parte de terceros de cualesquiera otros mecanismos que alteren el dise\u00f1o, configuraci\u00f3n original o contenidos de nuestros portales. La utilizaci\u00f3n de los contenidos deber\u00e1 respetar su licenciamiento espec\u00edfico. De tal modo su uso, reproducci\u00f3n, distribuci\u00f3n, comunicaci\u00f3n p\u00fablica, transformaci\u00f3n o cualquier otra actividad similar o an\u00e1loga, queda totalmente prohibida salvo que medie previa y expresa autorizaci\u00f3n de TESS HOSE MANAGEMENT OPERATIONS CANARIAS S.L..<\/p>\n<p>Respecto a las citas de productos, servicios y noticias de terceros que pudieran aparecer en el sitio web, TESS HOSE MANAGEMENT OPERATIONS CANARIAS S.L. reconoce a favor de sus titulares los correspondientes derechos de propiedad industrial e intelectual, no implicando su sola menci\u00f3n o aparici\u00f3n en el sitio web la existencia de derechos o responsabilidad alguna de TESS HOSE MANAGEMENT OPERATIONS CANARIAS S.L. sobre los mismos, como tampoco respaldo, patrocinio o recomendaci\u00f3n por parte del mismo.<\/p>\n<p>TESS HOSE MANAGEMENT OPERATIONS CANARIAS S.L. respeta los derechos de propiedad intelectual e industrial de terceros; por ello, si considera que nuestros portales pudieran estar violando sus derechos, rogamos se ponga en contacto con TESS HOSE MANAGEMENT OPERATIONS CANARIAS S.L.<\/p>\n<p>&nbsp;<\/p>\n<h3><strong>Responsabilidad<\/strong><\/h3>\n<p>TESS HOSE MANAGEMENT OPERATIONS CANARIAS S.L. no garantiza la inexistencia de errores en el acceso a la web, en su contenido, ni que \u00e9ste se encuentre actualizado, aunque desarrollar\u00e1 sus mejores esfuerzos para, en su caso, evitarlos, subsanarlos o actualizarlos. Tanto el acceso a los portales de TESS HOSE MANAGEMENT OPERATIONS CANARIAS S.L. como el uso que pueda hacerse de la informaci\u00f3n contenida en los mismos es de la exclusiva responsabilidad de quien lo realiza.<\/p>\n<p>TESS HOSE MANAGEMENT OPERATIONS CANARIAS S.L. no se hace responsable de los posibles errores de seguridad que se puedan producir ni de los posibles da\u00f1os que puedan causarse al sistema inform\u00e1tico del usuario (hardware y software), los ficheros o documentos almacenados en el mismo, como consecuencia de la presencia de virus en el ordenador del usuario utilizado para la conexi\u00f3n a los servicios y contenidos de la web, de un mal funcionamiento del navegador o del uso de versiones no actualizadas del mismo.<\/p>\n<p>TESS HOSE MANAGEMENT OPERATIONS CANARIAS S.L. no se hace responsable de la informaci\u00f3n y contenidos almacenados, a t\u00edtulo enunciativo pero no limitativo, en foros, chats, blogs, comentarios, redes sociales o cualesquiera otro medio que permita a terceros publicar contenidos de forma independiente en la p\u00e1gina web de TESS HOSE MANAGEMENT OPERATIONS CANARIAS S.L. No obstante y en cumplimiento de lo dispuesto en la LSSI, TESS HOSE MANAGEMENT OPERATIONS CANARIAS S.L. se pone a disposici\u00f3n de todos los usuarios, autoridades y fuerzas de seguridad, y colaborando de forma activa en la retirada o en su caso bloqueo de todos aquellos contenidos que pudieran afectar o contravenir la legislaci\u00f3n nacional, o internacional, derechos de terceros o la moral y el orden p\u00fablico. En caso de que el usuario considere que existe en el sitio web alg\u00fan contenido que pudiera ser susceptible de esta clasificaci\u00f3n, se ruega se ponga en contacto con TESS HOSE MANAGEMENT OPERATIONS CANARIAS S.L.<\/p>\n<p>&nbsp;<\/p>\n<h3><strong>Enlaces o hiperv\u00ednculos<\/strong><\/h3>\n<p>El sitio web puede contener enlaces a contenidos web de terceros. El objetivo de dichos enlaces es \u00fanicamente facilitarle la b\u00fasqueda de los recursos que le puedan interesar a trav\u00e9s de Internet. No obstante, dichas p\u00e1ginas no pertenecen a TESS HOSE MANAGEMENT OPERATIONS CANARIAS S.L. ni hace una revisi\u00f3n de sus contenidos y, por ello, TESS HOSE MANAGEMENT OPERATIONS CANARIAS S.L. no asume ninguna responsabilidad por el contenido, informaciones o servicios que pudieran aparecer en dichos sitios, que tendr\u00e1n exclusivamente car\u00e1cter informativo y que en ning\u00fan caso implican relaci\u00f3n alguna entre TESS HOSE MANAGEMENT OPERATIONS CANARIAS S.L. y a las personas o entidades titulares de tales contenidos o de los sitios donde se encuentren.<\/p>\n<p>TESS HOSE MANAGEMENT OPERATIONS CANARIAS S.L. no se hace responsable del funcionamiento de la p\u00e1gina enlazada o de los posibles da\u00f1os que puedan derivarse del acceso o uso de la misma.<\/p>\n<p>Los enlaces al sitio web de TESS HOSE MANAGEMENT OPERATIONS CANARIAS S.L. deber\u00e1n respetar las siguientes condiciones:<\/p>\n<ol>\n<li>El establecimiento del enlace no supondr\u00e1 ning\u00fan tipo de acuerdo, contrato, patrocinio ni recomendaci\u00f3n por parte de TESS HOSE MANAGEMENT OPERATIONS CANARIAS S.L. de la p\u00e1gina que realiza el enlace.<\/li>\n<li>La p\u00e1gina web en la que se establezca el hiperenlace no contendr\u00e1 informaciones o contenidos il\u00edcitos, discriminatorios, contrarios a los principios \u00e9ticos com\u00fanmente aceptados o contrarios al orden p\u00fablico, as\u00ed como tampoco contendr\u00e1 contenidos contrarios a cualesquiera derechos de terceros.<\/li>\n<li>TESS HOSE MANAGEMENT OPERATIONS CANARIAS S.L. podr\u00e1 solicitar que se elimine un enlace a su sitio web, sin necesidad de alegar causa alguna. En tal caso, la p\u00e1gina que haya realizado el enlace deber\u00e1 proceder a su inmediata supresi\u00f3n, tan pronto como reciba la notificaci\u00f3n de TESS HOSE MANAGEMENT OPERATIONS CANARIAS S.L.<\/li>\n<li>TESS HOSE MANAGEMENT OPERATIONS CANARIAS S.L. no se responsabiliza en modo alguno ni garantiza la calidad, exactitud, fiabilidad, correcci\u00f3n o moralidad de contenidos o servicios que el establecimiento del hiperenlace pueda ofrecer. El usuario asume bajo su exclusiva responsabilidad las consecuencias, da\u00f1os o acciones que pudieran derivarse del acceso a la p\u00e1gina web enlazada.<\/li>\n<\/ol>\n<p>&nbsp;<\/p>\n<h3><strong>Protecci\u00f3n de datos personales<\/strong><\/h3>\n<p>TESS HOSE MANAGEMENT OPERATIONS CANARIAS S.L. est\u00e1 profundamente comprometida con el cumplimiento de la normativa de protecci\u00f3n de datos de car\u00e1cter personal, y garantiza el cumplimiento \u00edntegro de las obligaciones dispuestas, as\u00ed como la implementaci\u00f3n de las medidas de seguridad oportunas que garanticen un nivel de seguridad adecuado al riesgo. TESS HOSE MANAGEMENT OPERATIONS CANARIAS S.L. pone a disposici\u00f3n de los usuarios su Pol\u00edtica de Privacidad y les ofrece informaci\u00f3n detallada sobre el tratamiento de datos realizado a trav\u00e9s del formulario web en <a href=\"http:\/\/tesscanarias.com\/es\/\" target=\"_new\" rel=\"noreferrer noopener\">https:\/\/tesscanarias.com\/about<\/a><\/p>\n<p>&nbsp;<\/p>\n<h3><strong>Applicable Law and Jurisdiction<\/strong><\/h3>\n<p>La ley aplicable en caso de disputa o conflicto relativo a la interpretaci\u00f3n de los t\u00e9rminos que conforman este Aviso Legal, as\u00ed como cualquier cuesti\u00f3n relacionada con los servicios del presente Portal, ser\u00e1 la ley espa\u00f1ola. Para la resoluci\u00f3n de cualquier conflicto que pueda surgir con ocasi\u00f3n de la visita al Portal o del uso de los servicios que en \u00e9l se puedan ofertar, TESS HOSE MANAGEMENT OPERATIONS CANARIAS S.L. y el Usuario acuerdan someterse a los Jueces y Tribunales del domicilio de TESS HOSE MANAGEMENT OPERATIONS CANARIAS S.L.<\/p>","protected":false},"excerpt":{"rendered":"<p>In compliance with Law 34\/2002, of July 11, on information [&hellip;]<\/p>\n","protected":false},"author":1,"featured_media":0,"parent":0,"menu_order":0,"comment_status":"closed","ping_status":"open","template":"","meta":{"footnotes":""},"class_list":["post-2564","page","type-page","status-publish","hentry"],"yoast_head":"<!-- This site is optimized with the Yoast SEO plugin v27.2 - https:\/\/yoast.com\/product\/yoast-seo-wordpress\/ -->\n<title>Legal notice - TESS Canarias<\/title>\n<meta name=\"robots\" content=\"index, follow, max-snippet:-1, max-image-preview:large, max-video-preview:-1\" \/>\n<link rel=\"canonical\" href=\"https:\/\/tesscanarias.com\/es\/legal-notice\/\" \/>\n<meta property=\"og:locale\" content=\"es_ES\" \/>\n<meta property=\"og:type\" content=\"article\" \/>\n<meta property=\"og:title\" content=\"Legal notice - TESS Canarias\" \/>\n<meta property=\"og:description\" content=\"In compliance with Law 34\/2002, of July 11, on information [&hellip;]\" \/>\n<meta property=\"og:url\" content=\"https:\/\/tesscanarias.com\/es\/legal-notice\/\" \/>\n<meta property=\"og:site_name\" content=\"TESS Canarias\" \/>\n<meta property=\"article:modified_time\" content=\"2024-08-13T08:32:06+00:00\" \/>\n<meta name=\"twitter:card\" content=\"summary_large_image\" \/>\n<meta name=\"twitter:label1\" content=\"Tiempo de lectura\" \/>\n\t<meta name=\"twitter:data1\" content=\"7 minutos\" \/>\n<script type=\"application\/ld+json\" class=\"yoast-schema-graph\">{\"@context\":\"https:\/\/schema.org\",\"@graph\":[{\"@type\":\"WebPage\",\"@id\":\"https:\/\/tesscanarias.com\/legal-notice\/\",\"url\":\"https:\/\/tesscanarias.com\/legal-notice\/\",\"name\":\"Legal notice - TESS Canarias\",\"isPartOf\":{\"@id\":\"https:\/\/tesscanarias.com\/#website\"},\"datePublished\":\"2024-07-08T13:33:13+00:00\",\"dateModified\":\"2024-08-13T08:32:06+00:00\",\"breadcrumb\":{\"@id\":\"https:\/\/tesscanarias.com\/legal-notice\/#breadcrumb\"},\"inLanguage\":\"es\",\"potentialAction\":[{\"@type\":\"ReadAction\",\"target\":[\"https:\/\/tesscanarias.com\/legal-notice\/\"]}]},{\"@type\":\"BreadcrumbList\",\"@id\":\"https:\/\/tesscanarias.com\/legal-notice\/#breadcrumb\",\"itemListElement\":[{\"@type\":\"ListItem\",\"position\":1,\"name\":\"Home\",\"item\":\"https:\/\/tesscanarias.com\/\"},{\"@type\":\"ListItem\",\"position\":2,\"name\":\"Legal notice\"}]},{\"@type\":\"WebSite\",\"@id\":\"https:\/\/tesscanarias.com\/#website\",\"url\":\"https:\/\/tesscanarias.com\/\",\"name\":\"TESS Canarias\",\"description\":\"\",\"potentialAction\":[{\"@type\":\"SearchAction\",\"target\":{\"@type\":\"EntryPoint\",\"urlTemplate\":\"https:\/\/tesscanarias.com\/?s={search_term_string}\"},\"query-input\":{\"@type\":\"PropertyValueSpecification\",\"valueRequired\":true,\"valueName\":\"search_term_string\"}}],\"inLanguage\":\"es\"}]}<\/script>\n<!-- \/ Yoast SEO plugin. -->","yoast_head_json":{"title":"Legal notice - TESS Canarias","robots":{"index":"index","follow":"follow","max-snippet":"max-snippet:-1","max-image-preview":"max-image-preview:large","max-video-preview":"max-video-preview:-1"},"canonical":"https:\/\/tesscanarias.com\/es\/legal-notice\/","og_locale":"es_ES","og_type":"article","og_title":"Legal notice - TESS Canarias","og_description":"In compliance with Law 34\/2002, of July 11, on information [&hellip;]","og_url":"https:\/\/tesscanarias.com\/es\/legal-notice\/","og_site_name":"TESS Canarias","article_modified_time":"2024-08-13T08:32:06+00:00","twitter_card":"summary_large_image","twitter_misc":{"Tiempo de lectura":"7 minutos"},"schema":{"@context":"https:\/\/schema.org","@graph":[{"@type":"WebPage","@id":"https:\/\/tesscanarias.com\/legal-notice\/","url":"https:\/\/tesscanarias.com\/legal-notice\/","name":"Legal notice - TESS Canarias","isPartOf":{"@id":"https:\/\/tesscanarias.com\/#website"},"datePublished":"2024-07-08T13:33:13+00:00","dateModified":"2024-08-13T08:32:06+00:00","breadcrumb":{"@id":"https:\/\/tesscanarias.com\/legal-notice\/#breadcrumb"},"inLanguage":"es","potentialAction":[{"@type":"ReadAction","target":["https:\/\/tesscanarias.com\/legal-notice\/"]}]},{"@type":"BreadcrumbList","@id":"https:\/\/tesscanarias.com\/legal-notice\/#breadcrumb","itemListElement":[{"@type":"ListItem","position":1,"name":"Home","item":"https:\/\/tesscanarias.com\/"},{"@type":"ListItem","position":2,"name":"Legal notice"}]},{"@type":"WebSite","@id":"https:\/\/tesscanarias.com\/#website","url":"https:\/\/tesscanarias.com\/","name":"TESS Canarias","description":"","potentialAction":[{"@type":"SearchAction","target":{"@type":"EntryPoint","urlTemplate":"https:\/\/tesscanarias.com\/?s={search_term_string}"},"query-input":{"@type":"PropertyValueSpecification","valueRequired":true,"valueName":"search_term_string"}}],"inLanguage":"es"}]}},"_links":{"self":[{"href":"https:\/\/tesscanarias.com\/es\/wp-json\/wp\/v2\/pages\/2564","targetHints":{"allow":["GET"]}}],"collection":[{"href":"https:\/\/tesscanarias.com\/es\/wp-json\/wp\/v2\/pages"}],"about":[{"href":"https:\/\/tesscanarias.com\/es\/wp-json\/wp\/v2\/types\/page"}],"author":[{"embeddable":true,"href":"https:\/\/tesscanarias.com\/es\/wp-json\/wp\/v2\/users\/1"}],"replies":[{"embeddable":true,"href":"https:\/\/tesscanarias.com\/es\/wp-json\/wp\/v2\/comments?post=2564"}],"version-history":[{"count":8,"href":"https:\/\/tesscanarias.com\/es\/wp-json\/wp\/v2\/pages\/2564\/revisions"}],"predecessor-version":[{"id":3247,"href":"https:\/\/tesscanarias.com\/es\/wp-json\/wp\/v2\/pages\/2564\/revisions\/3247"}],"wp:attachment":[{"href":"https:\/\/tesscanarias.com\/es\/wp-json\/wp\/v2\/media?parent=2564"}],"curies":[{"name":"wp","href":"https:\/\/api.w.org\/{rel}","templated":true}]}}